{"id":772,"date":"2018-11-22T12:03:58","date_gmt":"2018-11-22T11:03:58","guid":{"rendered":"https:\/\/horsitting.com\/?page_id=772"},"modified":"2021-01-31T09:43:12","modified_gmt":"2021-01-31T08:43:12","slug":"formulaire-soumission-postes","status":"publish","type":"page","link":"https:\/\/horsitting.com\/index.php\/formulaire-soumission-postes\/","title":{"rendered":"&#8212; Poster une offre"},"content":{"rendered":"\t\t<div data-elementor-type=\"wp-post\" data-elementor-id=\"772\" class=\"elementor elementor-772 elementor-bc-flex-widget\">\n\t\t\t\t\t\t<section class=\"elementor-section elementor-top-section elementor-element elementor-element-50497e9 elementor-section-boxed elementor-section-height-default elementor-section-height-default\" data-id=\"50497e9\" data-element_type=\"section\" data-e-type=\"section\">\n\t\t\t\t\t\t<div class=\"elementor-container elementor-column-gap-default\">\n\t\t\t\t\t<div class=\"elementor-column elementor-col-100 elementor-top-column elementor-element elementor-element-1e26b3d\" data-id=\"1e26b3d\" data-element_type=\"column\" data-e-type=\"column\">\n\t\t\t<div class=\"elementor-widget-wrap elementor-element-populated\">\n\t\t\t\t\t\t<div class=\"elementor-element elementor-element-98d58fc elementor-widget elementor-widget-html\" data-id=\"98d58fc\" data-element_type=\"widget\" data-e-type=\"widget\" data-widget_type=\"html.default\">\n\t\t\t\t<div class=\"elementor-widget-container\">\n\t\t\t\t\t<form action=\"\/index.php\/wp-json\/wp\/v2\/pages\/772\" method=\"post\" id=\"submit-job-form\" class=\"job-manager-form\" enctype=\"multipart\/form-data\">\n\n\t\n\t\n\t\n\t\t\t<fieldset class=\"fieldset-login_required\">\n\t\t<label>Vous poss\u00e9dez un compte ?<\/label>\n\t\t<div class=\"field account-sign-in\">\n\t\t\t<a class=\"button\" href=\"https:\/\/horsitting.com\/wp-login.php?redirect_to=https%3A%2F%2Fhorsitting.com%2Findex.php%2Fformulaire-soumission-postes%2F\">Se connecter<\/a>\n\n\t\t\t\n\t\t\t\tSi vous n&rsquo;avez pas encore de compte, vous pouvez  en cr\u00e9er un ci-dessous.\t\t\t\t\t\t\t\t\t\t\t\t\t\n\t\t\t\t\t<\/div>\n\t<\/fieldset>\n\t\t\t\t<fieldset class=\"fieldset-create_account_email\">\n\t\t\t\t<label\n\t\t\t\t\tfor=\"create_account_email\">Votre adresse e-mail<\/label>\n\t\t\t\t<div class=\"field required-field\">\n\t\t\t\t\t<input type=\"text\" class=\"input-text\" name=\"create_account_email\" id=\"create_account_email\" placeholder=\"you@yourdomain.com\" value=\"\" maxlength=\"\" required \/>\n\t\t\t\t<\/div>\n\t\t\t<\/fieldset>\n\t\t\t\n\t\n\t\n\t\t<!-- Job Information Fields -->\n\t\t\n\t\t\t\t\t<fieldset class=\"fieldset-job_title fieldset-type-text\">\n\t\t\t\t<label for=\"job_title\">Nom de l\u2019offre d\u2019emploi<\/label>\n\t\t\t\t<div class=\"field required-field\">\n\t\t\t\t\t<input type=\"text\" class=\"input-text\" name=\"job_title\" id=\"job_title\" placeholder=\"\" value=\"\" maxlength=\"\" required \/>\n\t\t\t\t<\/div>\n\t\t\t<\/fieldset>\n\t\t\t\t\t<fieldset class=\"fieldset-job_location fieldset-type-text\">\n\t\t\t\t<label for=\"job_location\">Localisation <small>(optionnel)<\/small><\/label>\n\t\t\t\t<div class=\"field \">\n\t\t\t\t\t<input type=\"text\" class=\"input-text\" name=\"job_location\" id=\"job_location\" placeholder=\"Par exemple \u00ab\u00a0Paris\u00a0\u00bb\" value=\"\" maxlength=\"\"  \/>\n<small class=\"description\">Laissez vide si l\u2019offre peut \u00eatre pourvue depuis n\u2019importe o\u00f9 (ex\u00a0: t\u00e9l\u00e9travail)<\/small>\t\t\t\t<\/div>\n\t\t\t<\/fieldset>\n\t\t\t\t\t<fieldset class=\"fieldset-job_region fieldset-type-term-select\">\n\t\t\t\t<label for=\"job_region\">Job Region<\/label>\n\t\t\t\t<div class=\"field required-field\">\n\t\t\t\t\t<select  name='job_region' id='job_region' class='postform'>\n\t<option value=''>Select Region<\/option>\n\t<option class=\"level-0\" value=\"374\">Auvergnes-Rhone-Alpes<\/option>\n\t<option class=\"level-1\" value=\"475\">&nbsp;&nbsp;&nbsp;Ain (01)<\/option>\n\t<option class=\"level-1\" value=\"485\">&nbsp;&nbsp;&nbsp;Allier (03)<\/option>\n\t<option class=\"level-1\" value=\"486\">&nbsp;&nbsp;&nbsp;Ard\u00e8che (07)<\/option>\n\t<option class=\"level-1\" value=\"487\">&nbsp;&nbsp;&nbsp;Cantal (15)<\/option>\n\t<option class=\"level-1\" value=\"488\">&nbsp;&nbsp;&nbsp;Dr\u00f4me (26)<\/option>\n\t<option class=\"level-1\" value=\"489\">&nbsp;&nbsp;&nbsp;Haute-Loire (43)<\/option>\n\t<option class=\"level-1\" value=\"490\">&nbsp;&nbsp;&nbsp;Haute-Savoie (74)<\/option>\n\t<option class=\"level-1\" value=\"375\">&nbsp;&nbsp;&nbsp;Is\u00e8re (38)<\/option>\n\t<option class=\"level-1\" value=\"491\">&nbsp;&nbsp;&nbsp;Loire (42)<\/option>\n\t<option class=\"level-1\" value=\"492\">&nbsp;&nbsp;&nbsp;Puy-de-D\u00f4me (63)<\/option>\n\t<option class=\"level-1\" value=\"493\">&nbsp;&nbsp;&nbsp;Rh\u00f4ne (69)<\/option>\n\t<option class=\"level-1\" value=\"494\">&nbsp;&nbsp;&nbsp;Savoie (73)<\/option>\n\t<option class=\"level-0\" value=\"481\">Bourgogne-Franche-Comt\u00e9<\/option>\n\t<option class=\"level-1\" value=\"495\">&nbsp;&nbsp;&nbsp;C\u00f4te-d&rsquo;Or (21)<\/option>\n\t<option class=\"level-1\" value=\"496\">&nbsp;&nbsp;&nbsp;Doubs (25)<\/option>\n\t<option class=\"level-1\" value=\"497\">&nbsp;&nbsp;&nbsp;Haute-Sa\u00f4ne (70)<\/option>\n\t<option class=\"level-1\" value=\"498\">&nbsp;&nbsp;&nbsp;Jura (39)<\/option>\n\t<option class=\"level-1\" value=\"499\">&nbsp;&nbsp;&nbsp;Ni\u00e8vre (58)<\/option>\n\t<option class=\"level-1\" value=\"500\">&nbsp;&nbsp;&nbsp;Sa\u00f4ne-et-Loire (71)<\/option>\n\t<option class=\"level-1\" value=\"501\">&nbsp;&nbsp;&nbsp;Territoire de Belfort (90)<\/option>\n\t<option class=\"level-1\" value=\"502\">&nbsp;&nbsp;&nbsp;Yonne (89)<\/option>\n\t<option class=\"level-0\" value=\"482\">Bretagne<\/option>\n\t<option class=\"level-1\" value=\"503\">&nbsp;&nbsp;&nbsp;C\u00f4tes-d&rsquo;Armor (22)<\/option>\n\t<option class=\"level-1\" value=\"504\">&nbsp;&nbsp;&nbsp;Finist\u00e8re (29)<\/option>\n\t<option class=\"level-1\" value=\"505\">&nbsp;&nbsp;&nbsp;Ille-et-Vilaine (35)<\/option>\n\t<option class=\"level-1\" value=\"506\">&nbsp;&nbsp;&nbsp;Morbihan (56)<\/option>\n\t<option class=\"level-0\" value=\"479\">Centre-Val de Loire<\/option>\n\t<option class=\"level-1\" value=\"507\">&nbsp;&nbsp;&nbsp;Cher (18)<\/option>\n\t<option class=\"level-1\" value=\"508\">&nbsp;&nbsp;&nbsp;Eure-et-Loire (28)<\/option>\n\t<option class=\"level-1\" value=\"509\">&nbsp;&nbsp;&nbsp;Indre (36)<\/option>\n\t<option class=\"level-1\" value=\"511\">&nbsp;&nbsp;&nbsp;Indre-et-Loire (37)<\/option>\n\t<option class=\"level-1\" value=\"510\">&nbsp;&nbsp;&nbsp;Loir-et-Cher (41)<\/option>\n\t<option class=\"level-1\" value=\"512\">&nbsp;&nbsp;&nbsp;Loiret (45)<\/option>\n\t<option class=\"level-0\" value=\"480\">Corse<\/option>\n\t<option class=\"level-1\" value=\"513\">&nbsp;&nbsp;&nbsp;Corse-du-Sud (2A)<\/option>\n\t<option class=\"level-1\" value=\"514\">&nbsp;&nbsp;&nbsp;Haute-Corse (2B)<\/option>\n\t<option class=\"level-0\" value=\"214\">France<\/option>\n\t<option class=\"level-0\" value=\"516\">Grand Est<\/option>\n\t<option class=\"level-1\" value=\"515\">&nbsp;&nbsp;&nbsp;Ardennes (08)<\/option>\n\t<option class=\"level-1\" value=\"517\">&nbsp;&nbsp;&nbsp;Aube (10)<\/option>\n\t<option class=\"level-1\" value=\"518\">&nbsp;&nbsp;&nbsp;Bas-Rhin (67)<\/option>\n\t<option class=\"level-1\" value=\"519\">&nbsp;&nbsp;&nbsp;Haut-Rhin (68)<\/option>\n\t<option class=\"level-1\" value=\"520\">&nbsp;&nbsp;&nbsp;Haute-Marne (52)<\/option>\n\t<option class=\"level-1\" value=\"521\">&nbsp;&nbsp;&nbsp;Marne (51)<\/option>\n\t<option class=\"level-1\" value=\"522\">&nbsp;&nbsp;&nbsp;Meurthe-et-Moselle (54)<\/option>\n\t<option class=\"level-1\" value=\"523\">&nbsp;&nbsp;&nbsp;Meuse (55)<\/option>\n\t<option class=\"level-1\" value=\"524\">&nbsp;&nbsp;&nbsp;Moselle (57)<\/option>\n\t<option class=\"level-1\" value=\"525\">&nbsp;&nbsp;&nbsp;Vosges (88)<\/option>\n\t<option class=\"level-0\" value=\"476\">Hauts-de-France<\/option>\n\t<option class=\"level-1\" value=\"484\">&nbsp;&nbsp;&nbsp;Aisne (02)<\/option>\n\t<option class=\"level-1\" value=\"526\">&nbsp;&nbsp;&nbsp;Nord (59)<\/option>\n\t<option class=\"level-1\" value=\"527\">&nbsp;&nbsp;&nbsp;Oise (60)<\/option>\n\t<option class=\"level-1\" value=\"528\">&nbsp;&nbsp;&nbsp;Pas-de-Calais (62)<\/option>\n\t<option class=\"level-1\" value=\"529\">&nbsp;&nbsp;&nbsp;Somme (80)<\/option>\n\t<option class=\"level-0\" value=\"376\">Ile-de-France<\/option>\n\t<option class=\"level-1\" value=\"530\">&nbsp;&nbsp;&nbsp;Essonne (91)<\/option>\n\t<option class=\"level-1\" value=\"531\">&nbsp;&nbsp;&nbsp;Hauts-de-Seine (92)<\/option>\n\t<option class=\"level-1\" value=\"532\">&nbsp;&nbsp;&nbsp;Paris (75)<\/option>\n\t<option class=\"level-1\" value=\"533\">&nbsp;&nbsp;&nbsp;Saine-Saint-Denis (93)<\/option>\n\t<option class=\"level-1\" value=\"377\">&nbsp;&nbsp;&nbsp;Seine-et-Marne (77)<\/option>\n\t<option class=\"level-1\" value=\"534\">&nbsp;&nbsp;&nbsp;Val-d&rsquo;Oise (95)<\/option>\n\t<option class=\"level-1\" value=\"535\">&nbsp;&nbsp;&nbsp;Val-de-Marne (94)<\/option>\n\t<option class=\"level-1\" value=\"536\">&nbsp;&nbsp;&nbsp;Yvelines (78)<\/option>\n\t<option class=\"level-0\" value=\"478\">Normandie<\/option>\n\t<option class=\"level-1\" value=\"537\">&nbsp;&nbsp;&nbsp;Calvados (14)<\/option>\n\t<option class=\"level-1\" value=\"538\">&nbsp;&nbsp;&nbsp;Eure (27)<\/option>\n\t<option class=\"level-1\" value=\"539\">&nbsp;&nbsp;&nbsp;Mache (50)<\/option>\n\t<option class=\"level-1\" value=\"540\">&nbsp;&nbsp;&nbsp;Orne (61)<\/option>\n\t<option class=\"level-1\" value=\"541\">&nbsp;&nbsp;&nbsp;Seine-Maritime (76)<\/option>\n\t<option class=\"level-0\" value=\"96\">Nouvelle-Aquitaine<\/option>\n\t<option class=\"level-1\" value=\"542\">&nbsp;&nbsp;&nbsp;Charente (16)<\/option>\n\t<option class=\"level-1\" value=\"543\">&nbsp;&nbsp;&nbsp;Charente-Maritime (17)<\/option>\n\t<option class=\"level-1\" value=\"544\">&nbsp;&nbsp;&nbsp;Corr\u00e8ze (19)<\/option>\n\t<option class=\"level-1\" value=\"545\">&nbsp;&nbsp;&nbsp;Creuse (23)<\/option>\n\t<option class=\"level-1\" value=\"546\">&nbsp;&nbsp;&nbsp;Deux-S\u00e8vres (79)<\/option>\n\t<option class=\"level-1\" value=\"547\">&nbsp;&nbsp;&nbsp;Dordogne (24)<\/option>\n\t<option class=\"level-1\" value=\"548\">&nbsp;&nbsp;&nbsp;Gironde (33)<\/option>\n\t<option class=\"level-1\" value=\"549\">&nbsp;&nbsp;&nbsp;Haute-Vienne (87)<\/option>\n\t<option class=\"level-1\" value=\"97\">&nbsp;&nbsp;&nbsp;Landes (40)<\/option>\n\t<option class=\"level-1\" value=\"550\">&nbsp;&nbsp;&nbsp;Lot-et-Garonne (47)<\/option>\n\t<option class=\"level-1\" value=\"95\">&nbsp;&nbsp;&nbsp;Pyr\u00e9n\u00e9es-Atlantiques (64)<\/option>\n\t<option class=\"level-1\" value=\"551\">&nbsp;&nbsp;&nbsp;Vienne (86)<\/option>\n\t<option class=\"level-0\" value=\"98\">Occitanie<\/option>\n\t<option class=\"level-1\" value=\"552\">&nbsp;&nbsp;&nbsp;Ari\u00e8ge (09)<\/option>\n\t<option class=\"level-1\" value=\"553\">&nbsp;&nbsp;&nbsp;Aude (11)<\/option>\n\t<option class=\"level-1\" value=\"554\">&nbsp;&nbsp;&nbsp;Aveyron (12)<\/option>\n\t<option class=\"level-1\" value=\"555\">&nbsp;&nbsp;&nbsp;Gard (30)<\/option>\n\t<option class=\"level-1\" value=\"99\">&nbsp;&nbsp;&nbsp;Gers (32)<\/option>\n\t<option class=\"level-1\" value=\"556\">&nbsp;&nbsp;&nbsp;Haute-Garonne (31)<\/option>\n\t<option class=\"level-1\" value=\"100\">&nbsp;&nbsp;&nbsp;Hautes-Pyr\u00e9n\u00e9es (65)<\/option>\n\t<option class=\"level-1\" value=\"557\">&nbsp;&nbsp;&nbsp;H\u00e9rault (34)<\/option>\n\t<option class=\"level-1\" value=\"558\">&nbsp;&nbsp;&nbsp;Lot (46)<\/option>\n\t<option class=\"level-1\" value=\"559\">&nbsp;&nbsp;&nbsp;Loz\u00e8re (48)<\/option>\n\t<option class=\"level-1\" value=\"560\">&nbsp;&nbsp;&nbsp;Pyr\u00e9n\u00e9es-Orientales (66)<\/option>\n\t<option class=\"level-1\" value=\"561\">&nbsp;&nbsp;&nbsp;Tarn (81)<\/option>\n\t<option class=\"level-1\" value=\"562\">&nbsp;&nbsp;&nbsp;Tarn-et-Garonne (82)<\/option>\n\t<option class=\"level-0\" value=\"483\">Pays de la Loire<\/option>\n\t<option class=\"level-1\" value=\"563\">&nbsp;&nbsp;&nbsp;Loire-Atlantique (44)<\/option>\n\t<option class=\"level-1\" value=\"564\">&nbsp;&nbsp;&nbsp;Maine-et-Loire (49)<\/option>\n\t<option class=\"level-1\" value=\"565\">&nbsp;&nbsp;&nbsp;Mayenne (53)<\/option>\n\t<option class=\"level-1\" value=\"566\">&nbsp;&nbsp;&nbsp;Sarthe (72)<\/option>\n\t<option class=\"level-1\" value=\"567\">&nbsp;&nbsp;&nbsp;Vend\u00e9e (85)<\/option>\n\t<option class=\"level-0\" value=\"477\">Provence-Alpes-C\u00f4te d&rsquo;Azur<\/option>\n\t<option class=\"level-1\" value=\"568\">&nbsp;&nbsp;&nbsp;Alpes-de-Haute-Provence (04)<\/option>\n\t<option class=\"level-1\" value=\"569\">&nbsp;&nbsp;&nbsp;Alpes-Maritimes (06)<\/option>\n\t<option class=\"level-1\" value=\"570\">&nbsp;&nbsp;&nbsp;Bouche-du-Rhone (13)<\/option>\n\t<option class=\"level-1\" value=\"571\">&nbsp;&nbsp;&nbsp;Hautes-Alpes (05)<\/option>\n\t<option class=\"level-1\" value=\"572\">&nbsp;&nbsp;&nbsp;Var (83)<\/option>\n\t<option class=\"level-1\" value=\"573\">&nbsp;&nbsp;&nbsp;Vaucluse (84)<\/option>\n<\/select>\n\t\t\t\t<\/div>\n\t\t\t<\/fieldset>\n\t\t\t\t\t<fieldset class=\"fieldset-remote_position fieldset-type-checkbox\">\n\t\t\t\t<label for=\"remote_position\">Emploi en distanciel <small>(optionnel)<\/small><\/label>\n\t\t\t\t<div class=\"field \">\n\t\t\t\t\t<input type=\"checkbox\" class=\"input-checkbox\" name=\"remote_position\" id=\"remote_position\"  value=\"1\"  \/>\n<small class=\"description\">S\u00e9lectionnez ceci si le poste est en distanciel.<\/small>\t\t\t\t<\/div>\n\t\t\t<\/fieldset>\n\t\t\t\t\t<fieldset class=\"fieldset-job_type fieldset-type-term-multiselect\">\n\t\t\t\t<label for=\"job_type\">Type d\u2019offre d\u2019emploi<\/label>\n\t\t\t\t<div class=\"field required-field\">\n\t\t\t\t\t<select name='job_type[]' id='job_type' class='job-manager-category-dropdown ' multiple='multiple' data-placeholder='Choisir le type d\u2019offre d\u2019emploi&hellip;' data-no_results_text='Aucun r\u00e9sultat' data-multiple_text='Choisir une option'>\n\t<option class=\"level-0\" value=\"72\">Non r\u00e9mun\u00e9r\u00e9<\/option>\n\t<option class=\"level-0\" value=\"46\">R\u00e9mun\u00e9r\u00e9<\/option>\n<\/select>\n\t\t\t\t<\/div>\n\t\t\t<\/fieldset>\n\t\t\t\t\t<fieldset class=\"fieldset-job_category fieldset-type-term-multiselect\">\n\t\t\t\t<label for=\"job_category\">Cat\u00e9gorie d\u2019offre d\u2019emploi<\/label>\n\t\t\t\t<div class=\"field required-field\">\n\t\t\t\t\t<select name='job_category[]' id='job_category' class='job-manager-category-dropdown ' multiple='multiple' data-placeholder='Choisissez une cat\u00e9gorie&hellip;' data-no_results_text='Aucun r\u00e9sultat' data-multiple_text='Choisir une option'>\n\t<option class=\"level-0\" value=\"75\">Assistance sp\u00e9cifique<\/option>\n\t<option class=\"level-0\" value=\"80\">Encadrement<\/option>\n\t<option class=\"level-0\" value=\"76\">Entretien et Soins<\/option>\n\t<option class=\"level-0\" value=\"94\">Horse &amp; House Sitting<\/option>\n\t<option class=\"level-0\" value=\"77\">Mise au paddock et Surveillance<\/option>\n\t<option class=\"level-0\" value=\"78\">Transport<\/option>\n\t<option class=\"level-0\" value=\"79\">Travail du cheval<\/option>\n<\/select>\n\t\t\t\t<\/div>\n\t\t\t<\/fieldset>\n\t\t\t\t\t<fieldset class=\"fieldset-job_description fieldset-type-wp-editor\">\n\t\t\t\t<label for=\"job_description\">Description<\/label>\n\t\t\t\t<div class=\"field required-field\">\n\t\t\t\t\t<div id=\"wp-job_description-wrap\" class=\"wp-core-ui wp-editor-wrap tmce-active\"><link rel='stylesheet' id='dashicons-css' href='https:\/\/horsitting.com\/wp-includes\/css\/dashicons.min.css?ver=6.9.4' type='text\/css' media='all' \/>\n<link rel='stylesheet' id='editor-buttons-css' href='https:\/\/horsitting.com\/wp-includes\/css\/editor.min.css?ver=6.9.4' type='text\/css' media='all' \/>\n<div id=\"wp-job_description-editor-container\" class=\"wp-editor-container\"><textarea class=\"wp-editor-area\" rows=\"8\" autocomplete=\"off\" cols=\"40\" name=\"job_description\" id=\"job_description\"><\/textarea><\/div>\n<\/div>\n\n\t\t\t\t<\/div>\n\t\t\t<\/fieldset>\n\t\t\t\t\t<fieldset class=\"fieldset-application fieldset-type-text\">\n\t\t\t\t<label for=\"application\">Email\/URL de candidature<\/label>\n\t\t\t\t<div class=\"field required-field\">\n\t\t\t\t\t<input type=\"text\" class=\"input-text\" name=\"application\" id=\"application\" placeholder=\"Saisir une adresse courriel ou une URL de site\" value=\"\" maxlength=\"\" required \/>\n\t\t\t\t<\/div>\n\t\t\t<\/fieldset>\n\t\t\n\t\t\n\t\t<!-- Company Information Fields -->\n\t\t\t\t\t<h2>D\u00e9tail de l\u2019entreprise\/organisation<\/h2>\n\n\t\t\t\n\t\t\t\t\t\t\t<fieldset class=\"fieldset-company_name fieldset-type-text\">\n\t\t\t\t\t<label for=\"company_name\">Nom de l\u2019entreprise<\/label>\n\t\t\t\t\t<div class=\"field required-field\">\n\t\t\t\t\t\t<input type=\"text\" class=\"input-text\" name=\"company_name\" id=\"company_name\" placeholder=\"Saisir le nom de l\u2019entreprise\" value=\"\" maxlength=\"\" required \/>\n\t\t\t\t\t<\/div>\n\t\t\t\t<\/fieldset>\n\t\t\t\t\t\t\t<fieldset class=\"fieldset-company_website fieldset-type-text\">\n\t\t\t\t\t<label for=\"company_website\">Site <small>(optionnel)<\/small><\/label>\n\t\t\t\t\t<div class=\"field \">\n\t\t\t\t\t\t<input type=\"text\" class=\"input-text\" name=\"company_website\" id=\"company_website\" placeholder=\"http:\/\/\" value=\"\" maxlength=\"\"  \/>\n\t\t\t\t\t<\/div>\n\t\t\t\t<\/fieldset>\n\t\t\t\t\t\t\t<fieldset class=\"fieldset-company_tagline fieldset-type-text\">\n\t\t\t\t\t<label for=\"company_tagline\">Slogan <small>(optionnel)<\/small><\/label>\n\t\t\t\t\t<div class=\"field \">\n\t\t\t\t\t\t<input type=\"text\" class=\"input-text\" name=\"company_tagline\" id=\"company_tagline\" placeholder=\"D\u00e9crire rapidement l\u2019entreprise\" value=\"\" maxlength=\"64\"  \/>\n\t\t\t\t\t<\/div>\n\t\t\t\t<\/fieldset>\n\t\t\t\t\t\t\t<fieldset class=\"fieldset-company_video fieldset-type-text\">\n\t\t\t\t\t<label for=\"company_video\">Vid\u00e9o <small>(optionnel)<\/small><\/label>\n\t\t\t\t\t<div class=\"field \">\n\t\t\t\t\t\t<input type=\"text\" class=\"input-text\" name=\"company_video\" id=\"company_video\" placeholder=\"Lien vers une vid\u00e9o pr\u00e9sentant votre soci\u00e9t\u00e9\" value=\"\" maxlength=\"\"  \/>\n\t\t\t\t\t<\/div>\n\t\t\t\t<\/fieldset>\n\t\t\t\t\t\t\t<fieldset class=\"fieldset-company_twitter fieldset-type-text\">\n\t\t\t\t\t<label for=\"company_twitter\">Compte Twitter <small>(optionnel)<\/small><\/label>\n\t\t\t\t\t<div class=\"field \">\n\t\t\t\t\t\t<input type=\"text\" class=\"input-text\" name=\"company_twitter\" id=\"company_twitter\" placeholder=\"@votreentreprise\" value=\"\" maxlength=\"\"  \/>\n\t\t\t\t\t<\/div>\n\t\t\t\t<\/fieldset>\n\t\t\t\t\t\t\t<fieldset class=\"fieldset-company_logo fieldset-type-file\">\n\t\t\t\t\t<label for=\"company_logo\">Logo <small>(optionnel)<\/small><\/label>\n\t\t\t\t\t<div class=\"field \">\n\t\t\t\t\t\t<div class=\"job-manager-uploaded-files\">\n\t<\/div>\n\n<input type=\"file\" class=\"input-text\" data-file_types=\"jpg|jpeg|gif|png\"  name=\"company_logo\" id=\"company_logo\" placeholder=\"\" \/>\n<small class=\"description\">\n\t\t\tTaille maximum du fichier :  256 Mo.\t<\/small>\n\t\t\t\t\t<\/div>\n\t\t\t\t<\/fieldset>\n\t\t\t\n\t\t\t\t\t\n\t\t\n\t\t<p>\n\t\t\t<input type=\"hidden\" name=\"job_manager_form\" value=\"submit-job\" \/>\n\t\t\t<input type=\"hidden\" name=\"job_id\" value=\"0\" \/>\n\t\t\t<input type=\"hidden\" name=\"step\" value=\"0\" \/>\n\t\t\t<input type=\"submit\" name=\"submit_job\" class=\"button\"\n    \t\t value=\"Pr\u00e9visualiser\" \/>\n\t\t\t<input type=\"submit\" name=\"save_draft\" class=\"button secondary save_draft\" value=\"Enregistrer le brouillon\" formnovalidate \/>\t\t\t<span class=\"spinner\" style=\"background-image: url(https:\/\/horsitting.com\/wp-includes\/images\/spinner.gif);\"><\/span>\n\t\t<\/p>\n\n\t<\/form>\n\t\t\t\t<\/div>\n\t\t\t\t<\/div>\n\t\t\t\t\t<\/div>\n\t\t<\/div>\n\t\t\t\t\t<\/div>\n\t\t<\/section>\n\t\t\t\t<\/div>\n\t\t","protected":false},"excerpt":{"rendered":"","protected":false},"author":1,"featured_media":0,"parent":0,"menu_order":0,"comment_status":"closed","ping_status":"closed","template":"","meta":{"om_disable_all_campaigns":false,"_monsterinsights_skip_tracking":false,"_monsterinsights_sitenote_active":false,"_monsterinsights_sitenote_note":"","_monsterinsights_sitenote_category":0,"_uf_show_specific_survey":0,"_uf_disable_surveys":false,"footnotes":""},"class_list":["post-772","page","type-page","status-publish","hentry"],"aioseo_notices":[],"_links":{"self":[{"href":"https:\/\/horsitting.com\/index.php\/wp-json\/wp\/v2\/pages\/772","targetHints":{"allow":["GET"]}}],"collection":[{"href":"https:\/\/horsitting.com\/index.php\/wp-json\/wp\/v2\/pages"}],"about":[{"href":"https:\/\/horsitting.com\/index.php\/wp-json\/wp\/v2\/types\/page"}],"author":[{"embeddable":true,"href":"https:\/\/horsitting.com\/index.php\/wp-json\/wp\/v2\/users\/1"}],"replies":[{"embeddable":true,"href":"https:\/\/horsitting.com\/index.php\/wp-json\/wp\/v2\/comments?post=772"}],"version-history":[{"count":5,"href":"https:\/\/horsitting.com\/index.php\/wp-json\/wp\/v2\/pages\/772\/revisions"}],"predecessor-version":[{"id":1134,"href":"https:\/\/horsitting.com\/index.php\/wp-json\/wp\/v2\/pages\/772\/revisions\/1134"}],"wp:attachment":[{"href":"https:\/\/horsitting.com\/index.php\/wp-json\/wp\/v2\/media?parent=772"}],"curies":[{"name":"wp","href":"https:\/\/api.w.org\/{rel}","templated":true}]}}