{"id":765,"date":"2018-11-22T11:28:36","date_gmt":"2018-11-22T10:28:36","guid":{"rendered":"https:\/\/horsitting.com\/?page_id=765"},"modified":"2021-01-31T09:43:12","modified_gmt":"2021-01-31T08:43:12","slug":"postes-disponibles","status":"publish","type":"page","link":"https:\/\/horsitting.com\/index.php\/postes-disponibles\/","title":{"rendered":"&#8212; Offres disponibles"},"content":{"rendered":"\t\t<div data-elementor-type=\"wp-post\" data-elementor-id=\"765\" class=\"elementor elementor-765 elementor-bc-flex-widget\">\n\t\t\t\t\t\t<section class=\"elementor-section elementor-top-section elementor-element elementor-element-3364ac4 elementor-section-boxed elementor-section-height-default elementor-section-height-default\" data-id=\"3364ac4\" data-element_type=\"section\" data-e-type=\"section\">\n\t\t\t\t\t\t<div class=\"elementor-container elementor-column-gap-default\">\n\t\t\t\t\t<div class=\"elementor-column elementor-col-100 elementor-top-column elementor-element elementor-element-a8c08b8\" data-id=\"a8c08b8\" data-element_type=\"column\" data-e-type=\"column\">\n\t\t\t<div class=\"elementor-widget-wrap elementor-element-populated\">\n\t\t\t\t\t\t<div class=\"elementor-element elementor-element-b4495cf elementor-widget elementor-widget-html\" data-id=\"b4495cf\" data-element_type=\"widget\" data-e-type=\"widget\" data-widget_type=\"html.default\">\n\t\t\t\t<div class=\"elementor-widget-container\">\n\t\t\t\t\t<div class=\"job_listings\" data-location=\"\" data-keywords=\"\" data-show_filters=\"true\" data-show_pagination=\"false\" data-per_page=\"12\" data-orderby=\"featured\" data-order=\"DESC\" data-categories=\"\" data-disable-form-state-storage=\"\" data-featured_first=\"false\" data-post_id=\"765\" >\n<form class=\"job_filters\">\n\t\n\t<div class=\"search_jobs\">\n\t\t\n\t\t<div class=\"search_keywords\">\n\t\t\t<label for=\"search_keywords\">Mots-cl\u00e9s<\/label>\n\t\t\t<input type=\"text\" name=\"search_keywords\" id=\"search_keywords\" placeholder=\"Besoin exprim\u00e9\" value=\"\" \/>\n\t\t<\/div>\n\n\t\t<div class=\"search_location\">\n\t\t\t<label for=\"search_location\">Localisation<\/label>\n\t\t\t<input type=\"text\" name=\"search_location\" id=\"search_location\" placeholder=\"Autour de\" value=\"\" \/>\n\t\t<\/div>\n\n\t\t\t\t\t<div class=\"search_categories\">\n\t\t\t\t<label for=\"search_categories\">Cat\u00e9gories<\/label>\n\t\t\t\t\t\t\t\t\t<select name='search_categories[]' id='search_categories' class='job-manager-category-dropdown ' multiple='multiple' data-placeholder='Choisissez une cat\u00e9gorie&hellip;' data-no_results_text='Aucun r\u00e9sultat' data-multiple_text='Choisir une option'>\n\t<option class=\"level-0\" value=\"76\">Entretien et Soins<\/option>\n\t<option class=\"level-0\" value=\"94\">Horse &amp; House Sitting<\/option>\n\t<option class=\"level-0\" value=\"77\">Mise au paddock et Surveillance<\/option>\n\t<option class=\"level-0\" value=\"79\">Travail du cheval<\/option>\n<\/select>\n\t\t\t\t\t\t\t<\/div>\n\t\t\n\t\t\t<\/div>\n\n\t\t<ul class=\"job_types\">\n\t\t\t\t\t<li><label for=\"job_type_non-remunere\" class=\"non-remunere\"><input type=\"checkbox\" name=\"filter_job_type[]\" value=\"non-remunere\"  checked='checked' id=\"job_type_non-remunere\" \/> Non r\u00e9mun\u00e9r\u00e9<\/label><\/li>\n\t\t\t\t\t<li><label for=\"job_type_remunere\" class=\"remunere\"><input type=\"checkbox\" name=\"filter_job_type[]\" value=\"remunere\"  checked='checked' id=\"job_type_remunere\" \/> R\u00e9mun\u00e9r\u00e9<\/label><\/li>\n\t\t\t<\/ul>\n\t<input type=\"hidden\" name=\"filter_job_type[]\" value=\"\" \/>\n<div class=\"showing_jobs\"><\/div><\/form>\n\n\n<noscript>JavaScript n&rsquo;est pas support\u00e9 par votre explorateur internet ou n&rsquo;est pas disponible. JavaScript doit \u00eatre activ\u00e9 pour voir les offres.<\/noscript><ul class=\"job_listings\">\n<\/ul>\n<a class=\"load_more_jobs\" href=\"#\" style=\"display:none;\"><strong>Afficher plus d\u2019offres<\/strong><\/a><\/div>\n\n\t\t\t\t<\/div>\n\t\t\t\t<\/div>\n\t\t\t\t\t<\/div>\n\t\t<\/div>\n\t\t\t\t\t<\/div>\n\t\t<\/section>\n\t\t\t\t<\/div>\n\t\t","protected":false},"excerpt":{"rendered":"","protected":false},"author":1,"featured_media":0,"parent":0,"menu_order":0,"comment_status":"closed","ping_status":"closed","template":"","meta":{"om_disable_all_campaigns":false,"_monsterinsights_skip_tracking":false,"_monsterinsights_sitenote_active":false,"_monsterinsights_sitenote_note":"","_monsterinsights_sitenote_category":0,"_uf_show_specific_survey":0,"_uf_disable_surveys":false,"footnotes":""},"class_list":["post-765","page","type-page","status-publish","hentry"],"aioseo_notices":[],"_links":{"self":[{"href":"https:\/\/horsitting.com\/index.php\/wp-json\/wp\/v2\/pages\/765","targetHints":{"allow":["GET"]}}],"collection":[{"href":"https:\/\/horsitting.com\/index.php\/wp-json\/wp\/v2\/pages"}],"about":[{"href":"https:\/\/horsitting.com\/index.php\/wp-json\/wp\/v2\/types\/page"}],"author":[{"embeddable":true,"href":"https:\/\/horsitting.com\/index.php\/wp-json\/wp\/v2\/users\/1"}],"replies":[{"embeddable":true,"href":"https:\/\/horsitting.com\/index.php\/wp-json\/wp\/v2\/comments?post=765"}],"version-history":[{"count":10,"href":"https:\/\/horsitting.com\/index.php\/wp-json\/wp\/v2\/pages\/765\/revisions"}],"predecessor-version":[{"id":1135,"href":"https:\/\/horsitting.com\/index.php\/wp-json\/wp\/v2\/pages\/765\/revisions\/1135"}],"wp:attachment":[{"href":"https:\/\/horsitting.com\/index.php\/wp-json\/wp\/v2\/media?parent=765"}],"curies":[{"name":"wp","href":"https:\/\/api.w.org\/{rel}","templated":true}]}}