{"id":425,"date":"2018-09-03T00:51:53","date_gmt":"2018-09-02T22:51:53","guid":{"rendered":"https:\/\/horsitting.com\/?page_id=425"},"modified":"2021-01-31T09:43:12","modified_gmt":"2021-01-31T08:43:12","slug":"mentions-legales","status":"publish","type":"page","link":"https:\/\/horsitting.com\/index.php\/mentions-legales\/","title":{"rendered":"&#8212; Mentions L\u00e9gales"},"content":{"rendered":"<p>MENTIONS LEGALES DU SITE <a href=\"http:\/\/HORSITTING.COM\">HORSITTING.COM<\/a><\/p>\n<p>Conform\u00e9ment aux dispositions des articles 6-III et 19 de la loi num\u00e9ro 2004-575 du 21 juin 2014 pour la Confiance dans l\u2019\u00e9conomie num\u00e9rique, dite L.C.E.N, il est port\u00e9 \u00e0 la connaissance des utilisateurs et visiteurs du site <a href=\"http:\/\/horsitting.com\">horsitting.com<\/a> les pr\u00e9sentes mentions l\u00e9gales.<\/p>\n<p>Le site <a href=\"http:\/\/horsitting.com\">horsitting.com<\/a> est accessible \u00e0 l\u2019adresse suivante : <a href=\"https:\/\/horsitting.com\">https:\/\/horsitting.com<\/a> (ci-apr\u00e8s \u00ab\u00a0le Site\u00a0\u00bb). L\u2019acc\u00e8s et l\u2019utilisation du Site sont soumis aux pr\u00e9sentes \u00ab\u00a0mentions l\u00e9gales\u00a0\u00bb d\u00e9taill\u00e9es ci-apr\u00e8s ainsi qu\u2019aux lois et\/ou r\u00e8glements applicables.<\/p>\n<p>La connexion, l\u2019utilisation et l\u2019acc\u00e8s \u00e0 ce Site implique l\u2019acception int\u00e9grale et sans r\u00e9serve de l\u2019internaute de toutes les dispositions des pr\u00e9sentes Mentions L\u00e9gales.<\/p>\n<p>ARTICLE 1 &#8211; Informations L\u00e9gales<\/p>\n<p>En vertu de l\u2019Arlticle 6 de la Loi num\u00e9ro 2004-575 du 21 juin 2004 pour la confiance dans l\u2019\u00e9conomie num\u00e9rique, il est pr\u00e9cis\u00e9 dans cet article l\u2019identit\u00e9 des diff\u00e9rents intervenants dans le cadre de sa r\u00e9alisation et de son suivi.<\/p>\n<p>A. Editeur du Site<\/p>\n<p>Le site <a href=\"http:\/\/horsitting.com\">horsitting.com<\/a> est \u00e9dit\u00e9 par : Stephen Gay, domicili\u00e9 14 chemin du Broc &#8211; 64160 Morlaas &#8211; France, tel : +33 6 48 16 04 11. Adresse e-mail : <a href=\"mailto:contact@horsitting.com\">contact@horsitting.com<\/a> ci-apr\u00e8s \u00ab\u00a0l\u2019Editeur\u00a0\u00bb.<\/p>\n<p>B. Directeur de publication<\/p>\n<p>Le directeur de publication est Stephen GAY, adresse e-mail : <a href=\"mailto:contact@horsitting.com\">contact@horsitting.com<\/a> ci-apr\u00e8s \u00ab\u00a0le Directeur de Publication\u00a0\u00bb.<\/p>\n<p>C. H\u00e9bergeur du Site<\/p>\n<p>Le Site <a href=\"http:\/\/horsitting.com\">horsitting.com<\/a> est h\u00e9berg\u00e9 par : OVH, dont le si\u00e8ge social est situ\u00e9 \u00e0 l\u2019adresse suivante : 2 rue Kellermann &#8211; 59100 Roubaix &#8211; France, tel : +33 9 72 37 97 74 ci-apr\u00e8s \u00ab\u00a0l\u2019H\u00e9bergeur\u00a0\u00bb.<\/p>\n<p>D. Utilisateurs<span class=\"Apple-converted-space\">\u00a0<\/span><\/p>\n<p>Sont consid\u00e9r\u00e9s comme utilisateurs tous les internautes qui naviguent, lisent, visionnent et utilisent le Site <a href=\"http:\/\/horsitting.com\">horsitting.com<\/a> ci-apr\u00e8s \u00ab\u00a0Utilisateurs\u00a0\u00bb.<\/p>\n<p>ARTICLE 2 &#8211; Propri\u00e9t\u00e9 intellectuelle<\/p>\n<p>La structure di Site et ses contenus (textes, images, sons, graphismes, documents et tout autre \u00e9l\u00e9ment) sont la propri\u00e9t\u00e9 exclusive de l\u2019Editeur. Leur utilisation ou reproduction, constitue une contrefa\u00e7on sanctionn\u00e9e par le Code de la propri\u00e9t\u00e9 intellectuelle.<span class=\"Apple-converted-space\">\u00a0<\/span><\/p>\n<p>Les noms, marques et enseignes cit\u00e9s sur ce site sont la propri\u00e9t\u00e9 de leurs d\u00e9posants respectifs.<\/p>\n<p>Le nom \u00ab <a href=\"http:\/\/horsitting.com\">horsitting.com<\/a>\u00a0\u00bb ainsi que le logos sont des marques d\u00e9pos\u00e9es et prot\u00e9g\u00e9es \u00e0 ce titre par le droit des marques. Elles sont la propri\u00e9t\u00e9 exclusive d\u2019Horsitting.com. Toutes les autres marques cit\u00e9es appartiennent \u00e0 leurs propri\u00e9taires exclusifs.<\/p>\n<p>ARTICLE 3 &#8211; Loi applicables et juridiction<\/p>\n<p>Les pr\u00e9sentes Mentions L\u00e9gales sont r\u00e9gies par la loi fran\u00e7aise. En cas de diff\u00e9rend et \u00e0 d\u00e9faut d\u2019accord amiable, le litige sera port\u00e9 devant les tribunaux fran\u00e7ais conform\u00e9ment aux r\u00e8gles de comp\u00e9tence en vigueur.<\/p>\n<p>ARTICLE 4 &#8211; Contact<\/p>\n<p>Pour tout signalement de contenus ou d\u2019activit\u00e9s illicites, l\u2019Utilisateur peut contacter l\u2019Editeur \u00e0 l\u2019adresse suivante : <a href=\"mailto:contact@horsitting.com\">contact@horsitting.com<\/a>, ou par courrier recommand\u00e9 avec accus\u00e9 de r\u00e9ception adress\u00e9 \u00e0 l\u2019Editeur aux coordonn\u00e9es pr\u00e9cis\u00e9es dans les Mentions L\u00e9gales.<\/p>\n<p>ARTICLE 5 &#8211; Liens hypertextes et Cookies<\/p>\n<p>Nous autorisons tout site Internet \u00e0 \u00e9tablir un lien pointant vers l&rsquo;adresse https:\/\/horsitting.com apr\u00e8s une simple information pr\u00e9alable du webmaster. Tout lien de ce type interviendra toutefois sous r\u00e9serve des dispositions l\u00e9gales en vigueur. Nous nous r\u00e9servons la possibilit\u00e9 d&rsquo;interdire ces liens.<\/p>\n<p>L\u2019utilisateur est inform\u00e9 que lors de ses visites sur le site un \u00ab cookie \u00bb peut s\u2019installer automatiquement sur son outil de navigation, pour comprendre ses besoins.<\/p>\n<p>ARTICLE 6 &#8211; Interdiction de mirroring<\/p>\n<p>Aucune mise en ligne du Site par un tiers sous une autre URL n&rsquo;est autoris\u00e9e.<\/p>\n<p>ARTICLE 7 &#8211; Dysfonctionnement et virus<\/p>\n<p>L\u2019Editeur ne pourra \u00eatre tenu responsable des dommages directs ou indirects r\u00e9sultant de l\u2019utilisation de ce site web, ou de l\u2019impossibilit\u00e9 pour un tiers de l\u2019utiliser, ou d\u2019un mauvais fonctionnement, d\u2019une interruption, d\u2019un virus, r\u00e9sultant de l\u2019acc\u00e8s ou de l\u2019utilisation de ce site ou de tous sites qui lui sont li\u00e9s.<\/p>\n<p>ARTICLE<span class=\"Apple-converted-space\">\u00a0 <\/span>8 &#8211; Sites li\u00e9s<\/p>\n<p>L\u2019acc\u00e8s \u00e0 tous les autres sites internet li\u00e9s \u00e0 ce site web se fait aux risques de l\u2019utilisateur. L\u2019Editeur d\u00e9cline aussi toute responsabilit\u00e9 pour toutes les informations contenues sur des sites tiers o\u00f9 figurent des liens renvoyant au site <a href=\"https:\/\/horsitting.com\">https:\/\/horsitting.com<\/a><\/p>\n<p>ARTICLE 9 &#8211; Limitation de la responsabilit\u00e9<\/p>\n<p>Le Site ne pourra \u00eatre tenue responsable des dommages indirects (tels par exemple qu\u2019une perte de march\u00e9 ou perte d\u2019une chance) cons\u00e9cutifs \u00e0 l\u2019utilisation du Site.<span class=\"Apple-converted-space\">\u00a0<\/span><\/p>\n<p>Des espaces interactifs sont \u00e0 la disposition des utilisateurs. Le Site se r\u00e9serve le droit de supprimer, tout contenu d\u00e9pos\u00e9 dans cet espace qui contreviendrait \u00e0 la l\u00e9gislation applicable en France, en particulier aux dispositions relatives \u00e0 la protection des donn\u00e9es. La responsabilit\u00e9 civile et\/ou p\u00e9nale de l\u2019utilisateur pourra \u00eatre engag\u00e9e.<\/p>\n<p>ARTICLE 10 &#8211; Informations nominatives<\/p>\n<p>Les donn\u00e9es collect\u00e9es ne sont destin\u00e9es qu&rsquo;\u00e0 l&rsquo;usage propre de l\u2019Editeur et de l\u2019H\u00e9bergeur qui s\u2019interdissent de communiquer \u00e0 des tiers ces donn\u00e9es personnelles.<\/p>\n<p>Seule l\u2019hypoth\u00e8se du rachat de <a href=\"http:\/\/horsitting.com\">horsitting.com<\/a> et de ses droits permettrait la transmission d\u2019informations \u00e0 l\u2019\u00e9ventuel acqu\u00e9reur qui serait \u00e0 son tour tenu de la m\u00eame obligation de conservation et de modification des donn\u00e9es vis \u00e0 vis de l\u2019utilisateur du Site.<\/p>\n<p>ARTICLE 11 &#8211; Droit d&rsquo;acc\u00e8s et de rectification :<\/p>\n<p>Conform\u00e9ment \u00e0 la loi fran\u00e7aise 78-17 relative \u00e0 l&rsquo;informatique, aux fichiers et aux libert\u00e9s du 6 janvier 1978 (article 34), les personnes \u00e0 propos desquelles des donn\u00e9es personnelles sont collect\u00e9es b\u00e9n\u00e9ficient d&rsquo;un droit d&rsquo;acc\u00e8s, de modification, de rectification et de suppression de ces donn\u00e9es en adressant leur demande \u00e0 : contact@horsitting.com<\/p>\n<p>Par ailleurs, lorsque des donn\u00e9es pr\u00e9sentes sur ce site ont un caract\u00e8re nominatif, les utilisateurs doivent en faire un usage conforme aux r\u00e9glementations en vigueur et aux recommandations de la CNIL.<\/p>\n<p>Le Site <a href=\"http:\/\/horsitting.com\">horsitting.com<\/a> vous souhaite une excellente navigation.<\/p>\n","protected":false},"excerpt":{"rendered":"<p>MENTIONS LEGALES DU SITE HORSITTING.COM Conform\u00e9ment aux dispositions des articles 6-III et 19 de la loi num\u00e9ro 2004-575 du 21 juin 2014 pour la Confiance dans l\u2019\u00e9conomie num\u00e9rique, dite L.C.E.N, il est port\u00e9 \u00e0 la connaissance des utilisateurs et visiteurs du site horsitting.com les pr\u00e9sentes mentions l\u00e9gales. Le site horsitting.com est accessible \u00e0 l\u2019adresse suivante&hellip; <br \/> <a class=\"button small blue\" href=\"https:\/\/horsitting.com\/index.php\/mentions-legales\/\">Lire la suite<\/a><\/p>\n","protected":false},"author":1,"featured_media":0,"parent":0,"menu_order":0,"comment_status":"closed","ping_status":"closed","template":"","meta":{"om_disable_all_campaigns":false,"_monsterinsights_skip_tracking":false,"_monsterinsights_sitenote_active":false,"_monsterinsights_sitenote_note":"","_monsterinsights_sitenote_category":0,"_uf_show_specific_survey":0,"_uf_disable_surveys":false,"footnotes":""},"class_list":["post-425","page","type-page","status-publish","hentry"],"aioseo_notices":[],"_links":{"self":[{"href":"https:\/\/horsitting.com\/index.php\/wp-json\/wp\/v2\/pages\/425","targetHints":{"allow":["GET"]}}],"collection":[{"href":"https:\/\/horsitting.com\/index.php\/wp-json\/wp\/v2\/pages"}],"about":[{"href":"https:\/\/horsitting.com\/index.php\/wp-json\/wp\/v2\/types\/page"}],"author":[{"embeddable":true,"href":"https:\/\/horsitting.com\/index.php\/wp-json\/wp\/v2\/users\/1"}],"replies":[{"embeddable":true,"href":"https:\/\/horsitting.com\/index.php\/wp-json\/wp\/v2\/comments?post=425"}],"version-history":[{"count":4,"href":"https:\/\/horsitting.com\/index.php\/wp-json\/wp\/v2\/pages\/425\/revisions"}],"predecessor-version":[{"id":1139,"href":"https:\/\/horsitting.com\/index.php\/wp-json\/wp\/v2\/pages\/425\/revisions\/1139"}],"wp:attachment":[{"href":"https:\/\/horsitting.com\/index.php\/wp-json\/wp\/v2\/media?parent=425"}],"curies":[{"name":"wp","href":"https:\/\/api.w.org\/{rel}","templated":true}]}}